{"id":98,"date":"2023-01-25T16:33:40","date_gmt":"2023-01-25T15:33:40","guid":{"rendered":"http:\/\/141.94.222.166:8040\/wordpress\/index.php\/product\/hoodie-with-logo\/"},"modified":"2023-01-26T09:57:42","modified_gmt":"2023-01-26T08:57:42","slug":"hoodie-with-logo","status":"publish","type":"product","link":"http:\/\/141.94.222.166:8040\/wordpress\/index.php\/product\/hoodie-with-logo\/","title":{"rendered":"Perceuse"},"content":{"rendered":"<p>Une\u00a0<strong>perceuse<\/strong>\u00a0ou\u00a0<strong>foreuse<\/strong>\u00a0est un\u00a0<a href=\"https:\/\/fr.wikipedia.org\/wiki\/Outil\">outil<\/a>\u00a0qui sert \u00e0\u00a0<a href=\"https:\/\/fr.wikipedia.org\/wiki\/Per%C3%A7age\">percer<\/a>\u00a0des trous dans diff\u00e9rents mat\u00e9riaux \u00e0 l\u2019aide de\u00a0<a href=\"https:\/\/fr.wikipedia.org\/wiki\/Foret\">forets<\/a>. Les perceuses modernes sont l\u2019aboutissement de plusieurs si\u00e8cles de technologie. Les vilebrequins sont apparus dans les ateliers de menuisiers et chez les charpentiers vers le\u00a0xv<sup>e<\/sup>\u00a0si\u00e8cle. Les perceuses manuelles \u00e0 engrenage datent du\u00a0xix<sup>e<\/sup>\u00a0si\u00e8cle, et c\u2019est vers la fin du\u00a0xix<sup>e<\/sup>\u00a0si\u00e8cle que sont apparues les premi\u00e8res perceuses \u00e9lectriques.Une\u00a0<strong>perceuse<\/strong>\u00a0ou\u00a0<strong>foreuse<\/strong>\u00a0est un\u00a0<a href=\"https:\/\/fr.wikipedia.org\/wiki\/Outil\">outil<\/a>\u00a0qui sert \u00e0\u00a0<a href=\"https:\/\/fr.wikipedia.org\/wiki\/Per%C3%A7age\">percer<\/a>\u00a0des trous dans diff\u00e9rents mat\u00e9riaux \u00e0 l\u2019aide de\u00a0<a href=\"https:\/\/fr.wikipedia.org\/wiki\/Foret\">forets<\/a>. Les perceuses modernes sont l\u2019aboutissement de plusieurs si\u00e8cles de technologie. Les vilebrequins sont apparus dans les ateliers de menuisiers et chez les charpentiers vers le\u00a0xv<sup>e<\/sup>\u00a0si\u00e8cle. Les perceuses manuelles \u00e0 engrenage datent du\u00a0xix<sup>e<\/sup>\u00a0si\u00e8cle, et c\u2019est vers la fin du\u00a0xix<sup>e<\/sup> si\u00e8cle que sont apparues les premi\u00e8res perceuses \u00e9lectrique<\/p>\n","protected":false},"excerpt":{"rendered":"<p>La r\u00e9f\u00e9rence des perceuses jetables !<\/p>\n","protected":false},"featured_media":52,"comment_status":"open","ping_status":"closed","template":"","meta":[],"product_cat":[25],"product_tag":[26],"class_list":["post-98","product","type-product","status-publish","has-post-thumbnail","hentry","product_cat-outils","product_tag-outils"],"_links":{"self":[{"href":"http:\/\/141.94.222.166:8040\/wordpress\/index.php\/wp-json\/wp\/v2\/product\/98","targetHints":{"allow":["GET"]}}],"collection":[{"href":"http:\/\/141.94.222.166:8040\/wordpress\/index.php\/wp-json\/wp\/v2\/product"}],"about":[{"href":"http:\/\/141.94.222.166:8040\/wordpress\/index.php\/wp-json\/wp\/v2\/types\/product"}],"replies":[{"embeddable":true,"href":"http:\/\/141.94.222.166:8040\/wordpress\/index.php\/wp-json\/wp\/v2\/comments?post=98"}],"wp:featuredmedia":[{"embeddable":true,"href":"http:\/\/141.94.222.166:8040\/wordpress\/index.php\/wp-json\/wp\/v2\/media\/52"}],"wp:attachment":[{"href":"http:\/\/141.94.222.166:8040\/wordpress\/index.php\/wp-json\/wp\/v2\/media?parent=98"}],"wp:term":[{"taxonomy":"product_cat","embeddable":true,"href":"http:\/\/141.94.222.166:8040\/wordpress\/index.php\/wp-json\/wp\/v2\/product_cat?post=98"},{"taxonomy":"product_tag","embeddable":true,"href":"http:\/\/141.94.222.166:8040\/wordpress\/index.php\/wp-json\/wp\/v2\/product_tag?post=98"}],"curies":[{"name":"wp","href":"https:\/\/api.w.org\/{rel}","templated":true}]}}