{"id":103,"date":"2023-01-25T16:57:42","date_gmt":"2023-01-25T15:57:42","guid":{"rendered":"http:\/\/141.94.222.166:8040\/wordpress\/?post_type=product&#038;p=103"},"modified":"2023-01-25T17:28:53","modified_gmt":"2023-01-25T16:28:53","slug":"tournevis","status":"publish","type":"product","link":"http:\/\/141.94.222.166:8040\/wordpress\/index.php\/product\/tournevis\/","title":{"rendered":"Tournevis"},"content":{"rendered":"<p>Le\u00a0<strong>tournevis<\/strong>\u00a0est un\u00a0<a href=\"https:\/\/fr.wikipedia.org\/wiki\/Outil\">outil<\/a>\u00a0de poing utilis\u00e9 entre autres pour l\u2019insertion et le retrait des\u00a0<a href=\"https:\/\/fr.wikipedia.org\/wiki\/Vis_de_fixation\">vis<\/a>\u00a0dans les mat\u00e9riaux. Le tournevis motoris\u00e9 s\u2019appelle une\u00a0<a href=\"https:\/\/fr.wikipedia.org\/wiki\/Visseuse\">visseuse<\/a>, celle-ci est le plus souvent \u00ab\u00a0sans fil\u00a0\u00bb.<\/p>\n<p>De nos jours, le tournevis est con\u00e7u pour visser des vis \u00e0 petite \u00e9chelle mais d\u00e9tient une multitude de fonctions secondaires dont la principale est peut-\u00eatre l\u2019ouverture des pots de peinture. Cette fonctionnalit\u00e9 est r\u00e9serv\u00e9e int\u00e9gralement au tournevis de type plat. En effet, elle est diffus\u00e9e au point que certaines compagnies de production de pots de peinture sugg\u00e8rent sur leur mode d\u2019emploi d\u2019ouvrir le couvercle \u00e0 l\u2019aide d\u2019un tournevis plat. D\u2019autres fonctions secondaires incluent\u00a0: le levier multi-usages (pot de confiture), un outil de d\u00e9fense contre un agresseur, un gratte peinture<\/p>\n","protected":false},"excerpt":{"rendered":"<p>Le\u00a0tournevis\u00a0est un\u00a0outil\u00a0de poing utilis\u00e9 entre autres pour l\u2019insertion et le retrait des\u00a0vis\u00a0dans les mat\u00e9riaux. Le tournevis motoris\u00e9 s\u2019appelle une\u00a0visseuse, celle-ci est le plus souvent \u00ab\u00a0sans fil\u00a0\u00bb. De nos jours, le tournevis est con\u00e7u pour visser des vis \u00e0 petite \u00e9chelle mais d\u00e9tient une multitude de fonctions secondaires dont la principale est peut-\u00eatre l\u2019ouverture des pots [&hellip;]<\/p>\n","protected":false},"featured_media":84,"comment_status":"open","ping_status":"closed","template":"","meta":[],"product_cat":[25],"product_tag":[],"class_list":["post-103","product","type-product","status-publish","has-post-thumbnail","hentry","product_cat-outils"],"_links":{"self":[{"href":"http:\/\/141.94.222.166:8040\/wordpress\/index.php\/wp-json\/wp\/v2\/product\/103","targetHints":{"allow":["GET"]}}],"collection":[{"href":"http:\/\/141.94.222.166:8040\/wordpress\/index.php\/wp-json\/wp\/v2\/product"}],"about":[{"href":"http:\/\/141.94.222.166:8040\/wordpress\/index.php\/wp-json\/wp\/v2\/types\/product"}],"replies":[{"embeddable":true,"href":"http:\/\/141.94.222.166:8040\/wordpress\/index.php\/wp-json\/wp\/v2\/comments?post=103"}],"wp:featuredmedia":[{"embeddable":true,"href":"http:\/\/141.94.222.166:8040\/wordpress\/index.php\/wp-json\/wp\/v2\/media\/84"}],"wp:attachment":[{"href":"http:\/\/141.94.222.166:8040\/wordpress\/index.php\/wp-json\/wp\/v2\/media?parent=103"}],"wp:term":[{"taxonomy":"product_cat","embeddable":true,"href":"http:\/\/141.94.222.166:8040\/wordpress\/index.php\/wp-json\/wp\/v2\/product_cat?post=103"},{"taxonomy":"product_tag","embeddable":true,"href":"http:\/\/141.94.222.166:8040\/wordpress\/index.php\/wp-json\/wp\/v2\/product_tag?post=103"}],"curies":[{"name":"wp","href":"https:\/\/api.w.org\/{rel}","templated":true}]}}